{"id":1306,"date":"2017-10-06T07:45:06","date_gmt":"2017-10-06T07:45:06","guid":{"rendered":"http:\/\/travel.vas-rks.com\/pyetje-nga-klientet\/"},"modified":"2017-10-06T07:45:06","modified_gmt":"2017-10-06T07:45:06","slug":"pyetje-nga-klientet","status":"publish","type":"page","link":"https:\/\/group.vas-rks.com\/en\/pyetje-nga-klientet\/","title":{"rendered":"Pyetje nga Klientet"},"content":{"rendered":"<p><strong>Cfare ndodh nese kanceloj rezervimin me Vas Tour?<\/strong><\/p>\n<p>Klienti mund ta anulloje ose ndryshoj\u00eb rezervimin e hotelit ose nj\u00eb sh\u00ebrbim tjet\u00ebr p\u00ebr t\u00eb cilin ka parapaguar, por si rrjedhoje ju mund t\u00eb paguani nj\u00eb tarif\u00eb p\u00ebr anullimin apo ndryshimin e rezervimit t\u00eb caktuar nga subjekti q\u00eb ofron sh\u00ebrbimin. Kjo eshte gjithmone ne varesi te dates se fundit te kancelimit pa tarife e cila i njoftohet klientit qe ne momentin e rezervimit.<\/p>\n<p>P\u00ebr m\u00eb tep\u00ebr, n\u00ebse klienti nuk paraqitet n\u00eb hotel, ose nuk e anullon apo ndryshon rezervimin e tij\/e saj para afatit t\u00eb politik\u00ebs s\u00eb anullimit t\u00eb p\u00ebrcaktuar nga hoteli ose kompania q\u00eb ofron sh\u00ebrbimin p\u00ebrkat\u00ebs, klientit do t\u2019i duhet t\u00eb paguaj\u00eb tarif\u00ebn e plot\u00eb t\u00eb nates se pare n\u00eb hotel dhe nj\u00eb tarif\u00eb t\u00eb caktuar p\u00ebr sh\u00ebrbimet e tjera. N\u00eb k\u00ebto raste pjesa tjet\u00ebr e rezervimit do anullohet automatikisht. Klienti duhet t\u00eb b\u00ebj\u00eb nj\u00eb rezervim dhe pages\u00eb tjet\u00ebr n\u00ebse d\u00ebshiron ende t\u00eb vij\u00eb n\u00eb hotel n\u00eb ndonj\u00eb dat\u00eb t\u00eb mbetur apo alternative.<\/p>\n<p><strong>Kur kam te drejte te marr rimbursim nga VAS Tour?<\/strong><\/p>\n<p>Politika e rimbursimit p\u00ebr sh\u00ebrbimet e anulluara do zbatohet si me posht\u00eb:<\/p>\n<p>a) N\u00ebse klienti v\u00ebrteton q\u00eb anullimi apo largimi her\u00ebt nga hoteli \u00ebsht\u00eb b\u00ebr\u00eb n\u00eb koh\u00eb dhe n\u00eb p\u00ebrputhje me politik\u00ebn e anullimit t\u00eb hoteleve ne do t\u2019ju rimbursojme shum\u00ebn e plot\u00eb apo shum\u00ebn e mbetur nga ndonj\u00eb sh\u00ebrbim q\u00eb nuk e keni p\u00ebrdorur, minus komisionet e transaksionit.<br \/>\nb) Rimbursimi i plot\u00eb me kart\u00eb krediti pa mbajtur asnj\u00eb komision do zbatohet p\u00ebr \u00e7do anullim t\u00eb b\u00ebr\u00eb n\u00eb p\u00ebrputhje me politikat e anullimit t\u00eb VAS TOUR per te cilat klienti njoftohet ne momentin e pare te rezervimit.<br \/>\nc) P\u00ebr t\u00eb gjitha format e tjera t\u00eb pages\u00ebs, do mbahen komisionet bankare apo t\u00eb transaksionit.<br \/>\nd) VAS TOUR nuk \u00ebsht\u00eb p\u00ebrgjegj\u00ebse n\u00eb rast t\u00eb anullimit t\u00eb udh\u00ebtimit p\u00ebr shkak t\u00eb forc\u00ebs madhore, shkaqeve natyrore, protestave popullore ose shpalljeve t\u00eb gjendjes s\u00eb luft\u00ebs n\u00eb destinacionin e p\u00ebrzgjedhur nga klienti si dhe p\u00ebr \u00e7do incident q\u00eb ndodh p\u00ebr shkak t\u00eb k\u00ebtyre arsyeve. Zgjidhja do t\u00eb gjendet me marr\u00ebveshje mes agjencis\u00eb dhe klientit.<br \/>\ne) N\u00eb rast se nuk p\u00ebrmbushet numri minimal i pjes\u00ebmarr\u00ebsve i parashikuar p\u00ebr organizimin e paket\u00ebs, at\u00ebher\u00eb agjencia ka t\u00eb drejt\u00eb t\u00eb anulloj\u00eb udh\u00ebtimin.Parashikimi i numrit minimal varion sipas destinacionit dhe periudh\u00ebs s\u00eb vitit kur promovohet nj\u00eb paket\u00eb. Konsumatori do t\u00eb njoftohet p\u00ebr k\u00ebt\u00eb anullim 15 dit\u00eb p\u00ebrpara nisjes s\u00eb udh\u00ebtimit dhe do te rimbursohet plotesisht.<\/p>\n<p><strong>Deri kur mund te kanceloj nje rezervim te kryer ne Vas Tour?<\/strong><\/p>\n<p>a) N\u00ebse rezervimi i b\u00ebr\u00eb nga klienti anullohet nga vet\u00eb ai p\u00ebrpara 21 (nj\u00ebzete e nj\u00eb) dit\u00eb ose m\u00eb shum\u00eb dit\u00eb p\u00ebrpara udh\u00ebtimit, klientit i kthehet shuma e plot\u00eb e paguar n\u00eb em\u00ebr t\u00eb agjencis\u00eb. N\u00ebse p\u00ebrpara anullimit \u00ebsht\u00eb b\u00ebr\u00eb ndonj\u00eb shpenzim, ky shpenzim do t\u00eb zbritet nga shuma q\u00eb do t\u00eb marr\u00eb klienti. Shpenzimet p\u00ebrfshijn\u00eb edhe komisionin bankar n\u00eb rastin e pages\u00ebs me kart\u00eb krediti ose debiti.<br \/>\nb) N\u00ebse rezervimi i b\u00ebr\u00eb nga klienti anullohet nga vet\u00eb ai 10 (dhjet\u00eb) deri 20 (nj\u00ebzet\u00eb) dit\u00eb p\u00ebrpara udh\u00ebtimit, klienti do t\u00eb paguaj\u00eb shpenzimet e transfert\u00ebs dhe 50% te shumes se rezervimit. Shpenzimet p\u00ebrfshijn\u00eb edhe komisionin bankar n\u00eb rastin e pages\u00ebs me kart\u00eb krediti ose debiti.<br \/>\nc) N\u00ebse rezervimi i b\u00ebr\u00eb nga klienti anullohet nga vet\u00eb ai 4 (kat\u00ebr) deri 9 (n\u00ebnt\u00eb) dit\u00eb p\u00ebrpara udh\u00ebtimit, klienti do t\u00eb paguaj\u00eb shpenzimet e transfert\u00ebs dhe 70% te shumes se rezervimit. Shpenzimet p\u00ebrfshijn\u00eb edhe komisionin bankar n\u00eb rastin e pages\u00ebs me kart\u00eb krediti ose debiti.<br \/>\nd) N\u00ebse rezervimi i b\u00ebr\u00eb nga klienti anullohet nga vet\u00eb ai n\u00eb m\u00eb pak se 3 (tre) dit\u00eb p\u00ebrpara udh\u00ebtimit, klienti nuk ka t\u00eb drejt\u00eb t\u00eb rimbursohet nga agjencia. e) N\u00ebse klienti nuk paraqitet ose largohet nga udh\u00ebtimi m\u00eb p\u00ebrpara dat\u00ebs s\u00eb parashikuar nga agjencia, klienti nuk ka t\u00eb drejt\u00eb t\u00eb rimbursohet nga agjencia.<\/p>\n","protected":false},"excerpt":{"rendered":"<p>Cfare ndodh nese kanceloj rezervimin me Vas Tour? Klienti mund ta anulloje ose ndryshoj\u00eb rezervimin e hotelit ose nj\u00eb sh\u00ebrbim tjet\u00ebr p\u00ebr t\u00eb cilin ka parapaguar, por si rrjedhoje ju mund t\u00eb paguani nj\u00eb tarif\u00eb p\u00ebr anullimin apo ndryshimin e rezervimit t\u00eb caktuar nga subjekti q\u00eb ofron sh\u00ebrbimin. Kjo eshte gjithmone ne varesi te dates [&hellip;]<\/p>\n","protected":false},"author":1,"featured_media":0,"parent":0,"menu_order":0,"comment_status":"closed","ping_status":"closed","template":"","meta":{"_acf_changed":false,"_exactmetrics_skip_tracking":false,"_exactmetrics_sitenote_active":false,"_exactmetrics_sitenote_note":"","_exactmetrics_sitenote_category":0,"footnotes":""},"class_list":["post-1306","page","type-page","status-publish","hentry"],"acf":[],"yoast_head":"<!-- This site is optimized with the Yoast SEO plugin v27.4 - https:\/\/yoast.com\/product\/yoast-seo-wordpress\/ -->\r\n<title>Pyetje nga Klientet - Vas Tour Kosova<\/title>\r\n<meta name=\"robots\" content=\"index, follow, max-snippet:-1, max-image-preview:large, max-video-preview:-1\" \/>\r\n<link rel=\"canonical\" href=\"https:\/\/group.vas-rks.com\/en\/pyetje-nga-klientet\/\" \/>\r\n<meta property=\"og:locale\" content=\"en_US\" \/>\r\n<meta property=\"og:type\" content=\"article\" \/>\r\n<meta property=\"og:title\" content=\"Pyetje nga Klientet - Vas Tour Kosova\" \/>\r\n<meta property=\"og:description\" content=\"Cfare ndodh nese kanceloj rezervimin me Vas Tour? Klienti mund ta anulloje ose ndryshoj\u00eb rezervimin e hotelit ose nj\u00eb sh\u00ebrbim tjet\u00ebr p\u00ebr t\u00eb cilin ka parapaguar, por si rrjedhoje ju mund t\u00eb paguani nj\u00eb tarif\u00eb p\u00ebr anullimin apo ndryshimin e rezervimit t\u00eb caktuar nga subjekti q\u00eb ofron sh\u00ebrbimin. Kjo eshte gjithmone ne varesi te dates [&hellip;]\" \/>\r\n<meta property=\"og:url\" content=\"https:\/\/group.vas-rks.com\/en\/pyetje-nga-klientet\/\" \/>\r\n<meta property=\"og:site_name\" content=\"Vas Tour Kosova\" \/>\r\n<meta property=\"article:publisher\" content=\"https:\/\/www.facebook.com\/vastour.kosova\/\" \/>\r\n<meta name=\"twitter:card\" content=\"summary_large_image\" \/>\r\n<meta name=\"twitter:label1\" content=\"Est. reading time\" \/>\n\t<meta name=\"twitter:data1\" content=\"4 minutes\" \/>\r\n<script type=\"application\/ld+json\" class=\"yoast-schema-graph\">{\"@context\":\"https:\\\/\\\/schema.org\",\"@graph\":[{\"@type\":\"WebPage\",\"@id\":\"https:\\\/\\\/group.vas-rks.com\\\/en\\\/pyetje-nga-klientet\\\/\",\"url\":\"https:\\\/\\\/group.vas-rks.com\\\/en\\\/pyetje-nga-klientet\\\/\",\"name\":\"Pyetje nga Klientet - Vas Tour Kosova\",\"isPartOf\":{\"@id\":\"https:\\\/\\\/group.vas-rks.com\\\/en\\\/#website\"},\"datePublished\":\"2017-10-06T07:45:06+00:00\",\"breadcrumb\":{\"@id\":\"https:\\\/\\\/group.vas-rks.com\\\/en\\\/pyetje-nga-klientet\\\/#breadcrumb\"},\"inLanguage\":\"en-US\",\"potentialAction\":[{\"@type\":\"ReadAction\",\"target\":[\"https:\\\/\\\/group.vas-rks.com\\\/en\\\/pyetje-nga-klientet\\\/\"]}]},{\"@type\":\"BreadcrumbList\",\"@id\":\"https:\\\/\\\/group.vas-rks.com\\\/en\\\/pyetje-nga-klientet\\\/#breadcrumb\",\"itemListElement\":[{\"@type\":\"ListItem\",\"position\":1,\"name\":\"Home\",\"item\":\"https:\\\/\\\/group.vas-rks.com\\\/en\\\/\"},{\"@type\":\"ListItem\",\"position\":2,\"name\":\"Pyetje nga Klientet\"}]},{\"@type\":\"WebSite\",\"@id\":\"https:\\\/\\\/group.vas-rks.com\\\/en\\\/#website\",\"url\":\"https:\\\/\\\/group.vas-rks.com\\\/en\\\/\",\"name\":\"Vas Tour Kosova\",\"description\":\"\",\"publisher\":{\"@id\":\"https:\\\/\\\/group.vas-rks.com\\\/en\\\/#organization\"},\"potentialAction\":[{\"@type\":\"SearchAction\",\"target\":{\"@type\":\"EntryPoint\",\"urlTemplate\":\"https:\\\/\\\/group.vas-rks.com\\\/en\\\/?s={search_term_string}\"},\"query-input\":{\"@type\":\"PropertyValueSpecification\",\"valueRequired\":true,\"valueName\":\"search_term_string\"}}],\"inLanguage\":\"en-US\"},{\"@type\":\"Organization\",\"@id\":\"https:\\\/\\\/group.vas-rks.com\\\/en\\\/#organization\",\"name\":\"Vas Tour Kosova\",\"url\":\"https:\\\/\\\/group.vas-rks.com\\\/en\\\/\",\"logo\":{\"@type\":\"ImageObject\",\"inLanguage\":\"en-US\",\"@id\":\"https:\\\/\\\/group.vas-rks.com\\\/en\\\/#\\\/schema\\\/logo\\\/image\\\/\",\"url\":\"https:\\\/\\\/group.vas-rks.com\\\/wp-content\\\/uploads\\\/2017\\\/11\\\/logo.png\",\"contentUrl\":\"https:\\\/\\\/group.vas-rks.com\\\/wp-content\\\/uploads\\\/2017\\\/11\\\/logo.png\",\"width\":120,\"height\":54,\"caption\":\"Vas Tour Kosova\"},\"image\":{\"@id\":\"https:\\\/\\\/group.vas-rks.com\\\/en\\\/#\\\/schema\\\/logo\\\/image\\\/\"},\"sameAs\":[\"https:\\\/\\\/www.facebook.com\\\/vastour.kosova\\\/\"]}]}<\/script>\r\n<!-- \/ Yoast SEO plugin. -->","yoast_head_json":{"title":"Pyetje nga Klientet - Vas Tour Kosova","robots":{"index":"index","follow":"follow","max-snippet":"max-snippet:-1","max-image-preview":"max-image-preview:large","max-video-preview":"max-video-preview:-1"},"canonical":"https:\/\/group.vas-rks.com\/en\/pyetje-nga-klientet\/","og_locale":"en_US","og_type":"article","og_title":"Pyetje nga Klientet - Vas Tour Kosova","og_description":"Cfare ndodh nese kanceloj rezervimin me Vas Tour? Klienti mund ta anulloje ose ndryshoj\u00eb rezervimin e hotelit ose nj\u00eb sh\u00ebrbim tjet\u00ebr p\u00ebr t\u00eb cilin ka parapaguar, por si rrjedhoje ju mund t\u00eb paguani nj\u00eb tarif\u00eb p\u00ebr anullimin apo ndryshimin e rezervimit t\u00eb caktuar nga subjekti q\u00eb ofron sh\u00ebrbimin. Kjo eshte gjithmone ne varesi te dates [&hellip;]","og_url":"https:\/\/group.vas-rks.com\/en\/pyetje-nga-klientet\/","og_site_name":"Vas Tour Kosova","article_publisher":"https:\/\/www.facebook.com\/vastour.kosova\/","twitter_card":"summary_large_image","twitter_misc":{"Est. reading time":"4 minutes"},"schema":{"@context":"https:\/\/schema.org","@graph":[{"@type":"WebPage","@id":"https:\/\/group.vas-rks.com\/en\/pyetje-nga-klientet\/","url":"https:\/\/group.vas-rks.com\/en\/pyetje-nga-klientet\/","name":"Pyetje nga Klientet - Vas Tour Kosova","isPartOf":{"@id":"https:\/\/group.vas-rks.com\/en\/#website"},"datePublished":"2017-10-06T07:45:06+00:00","breadcrumb":{"@id":"https:\/\/group.vas-rks.com\/en\/pyetje-nga-klientet\/#breadcrumb"},"inLanguage":"en-US","potentialAction":[{"@type":"ReadAction","target":["https:\/\/group.vas-rks.com\/en\/pyetje-nga-klientet\/"]}]},{"@type":"BreadcrumbList","@id":"https:\/\/group.vas-rks.com\/en\/pyetje-nga-klientet\/#breadcrumb","itemListElement":[{"@type":"ListItem","position":1,"name":"Home","item":"https:\/\/group.vas-rks.com\/en\/"},{"@type":"ListItem","position":2,"name":"Pyetje nga Klientet"}]},{"@type":"WebSite","@id":"https:\/\/group.vas-rks.com\/en\/#website","url":"https:\/\/group.vas-rks.com\/en\/","name":"Vas Tour Kosova","description":"","publisher":{"@id":"https:\/\/group.vas-rks.com\/en\/#organization"},"potentialAction":[{"@type":"SearchAction","target":{"@type":"EntryPoint","urlTemplate":"https:\/\/group.vas-rks.com\/en\/?s={search_term_string}"},"query-input":{"@type":"PropertyValueSpecification","valueRequired":true,"valueName":"search_term_string"}}],"inLanguage":"en-US"},{"@type":"Organization","@id":"https:\/\/group.vas-rks.com\/en\/#organization","name":"Vas Tour Kosova","url":"https:\/\/group.vas-rks.com\/en\/","logo":{"@type":"ImageObject","inLanguage":"en-US","@id":"https:\/\/group.vas-rks.com\/en\/#\/schema\/logo\/image\/","url":"https:\/\/group.vas-rks.com\/wp-content\/uploads\/2017\/11\/logo.png","contentUrl":"https:\/\/group.vas-rks.com\/wp-content\/uploads\/2017\/11\/logo.png","width":120,"height":54,"caption":"Vas Tour Kosova"},"image":{"@id":"https:\/\/group.vas-rks.com\/en\/#\/schema\/logo\/image\/"},"sameAs":["https:\/\/www.facebook.com\/vastour.kosova\/"]}]}},"_links":{"self":[{"href":"https:\/\/group.vas-rks.com\/en\/wp-json\/wp\/v2\/pages\/1306","targetHints":{"allow":["GET"]}}],"collection":[{"href":"https:\/\/group.vas-rks.com\/en\/wp-json\/wp\/v2\/pages"}],"about":[{"href":"https:\/\/group.vas-rks.com\/en\/wp-json\/wp\/v2\/types\/page"}],"author":[{"embeddable":true,"href":"https:\/\/group.vas-rks.com\/en\/wp-json\/wp\/v2\/users\/1"}],"replies":[{"embeddable":true,"href":"https:\/\/group.vas-rks.com\/en\/wp-json\/wp\/v2\/comments?post=1306"}],"version-history":[{"count":0,"href":"https:\/\/group.vas-rks.com\/en\/wp-json\/wp\/v2\/pages\/1306\/revisions"}],"wp:attachment":[{"href":"https:\/\/group.vas-rks.com\/en\/wp-json\/wp\/v2\/media?parent=1306"}],"curies":[{"name":"wp","href":"https:\/\/api.w.org\/{rel}","templated":true}]}}